{"id":3,"date":"2007-01-25T15:46:13","date_gmt":"2007-01-25T14:46:13","guid":{"rendered":""},"modified":"2016-09-13T08:09:02","modified_gmt":"2016-09-13T07:09:02","slug":"grups-emergents","status":"publish","type":"page","link":"https:\/\/formulacat.eines.info\/fc\/?page_id=3","title":{"rendered":"Grups Emergents"},"content":{"rendered":"<p>Al programa ens agrada promocionar la m\u00fasica de grups emergents que acaben de fer alguna maqueta o ja tenen algun disc per\u00f2 encara no tenen una discogr\u00e0fica al darrera i els falta una petita empenta per fer-se un lloc en el panorama musical.<\/p>\n<p>Si ets un component d&#8217;un grup o en coneixes algun i voleu sortir per l&#8217;antena de R\u00e0dio Canet, Boca R\u00e0dio i Digital Hits FM, no dubteu en posar-vos en contacte!<\/p>\n<p>Podeu <a href=\"http:\/\/www.about.me\/anigwei\">posar-vos en contacte<\/a> amb mi o b\u00e9 directament enviar el disc a:<\/p>\n<p><em>R\u00e0dio Canet (Att. Andreu Bassols \/ F\u00f3rmula\u00b7CAT)<br \/>\nc\/Font 8 1er, 08360, Canet de Mar <\/em><\/p>\n","protected":false},"excerpt":{"rendered":"<p>Al programa ens agrada promocionar la m\u00fasica de grups emergents que acaben de fer alguna maqueta o ja tenen algun disc per\u00f2 encara no tenen una discogr\u00e0fica al darrera i els falta una petita empenta per fer-se un lloc en el panorama musical.<\/p>\n<p>Si ets un component d&#8217;un grup o en coneixes algun i voleu sortir per l&#8217;antena de R\u00e0dio Canet, Boca R\u00e0dio i La Plana R\u00e0dio, no dubteu en posar-vos en contacte!<\/p>\n<p>Podeu <a hreF=\"\/?q=user\/1\/contact\">posar-vos en contacte<\/a> amb mi o b\u00e9 directament enviar el disc a: <\/p>\n<p><em>R\u00e0dio Canet (Att. Andreu Bassols \/ F\u00f3rmula\u00b7CAT)<br \/>\nc\/Font 8 1er, 08360, Canet de Mar <\/em><\/p>\n","protected":false},"author":1,"featured_media":0,"parent":0,"menu_order":0,"comment_status":"open","ping_status":"open","template":"","meta":{"footnotes":""},"_links":{"self":[{"href":"https:\/\/formulacat.eines.info\/fc\/index.php?rest_route=\/wp\/v2\/pages\/3"}],"collection":[{"href":"https:\/\/formulacat.eines.info\/fc\/index.php?rest_route=\/wp\/v2\/pages"}],"about":[{"href":"https:\/\/formulacat.eines.info\/fc\/index.php?rest_route=\/wp\/v2\/types\/page"}],"author":[{"embeddable":true,"href":"https:\/\/formulacat.eines.info\/fc\/index.php?rest_route=\/wp\/v2\/users\/1"}],"replies":[{"embeddable":true,"href":"https:\/\/formulacat.eines.info\/fc\/index.php?rest_route=%2Fwp%2Fv2%2Fcomments&post=3"}],"version-history":[{"count":2,"href":"https:\/\/formulacat.eines.info\/fc\/index.php?rest_route=\/wp\/v2\/pages\/3\/revisions"}],"predecessor-version":[{"id":1625,"href":"https:\/\/formulacat.eines.info\/fc\/index.php?rest_route=\/wp\/v2\/pages\/3\/revisions\/1625"}],"wp:attachment":[{"href":"https:\/\/formulacat.eines.info\/fc\/index.php?rest_route=%2Fwp%2Fv2%2Fmedia&parent=3"}],"curies":[{"name":"wp","href":"https:\/\/api.w.org\/{rel}","templated":true}]}}